{"id":20,"date":"2024-12-10T05:16:00","date_gmt":"2024-12-10T05:16:00","guid":{"rendered":"https:\/\/tecnopip.com\/?page_id=20"},"modified":"2025-04-08T01:40:13","modified_gmt":"2025-04-08T01:40:13","slug":"educacion_ambiental","status":"publish","type":"page","link":"https:\/\/tecnopip.com\/index.php\/educacion_ambiental\/","title":{"rendered":"EDUCACION AMBIENTAL"},"content":{"rendered":"\n<p><strong>Bienvenidos a tu espacio de recursos para la Educaci\u00f3n Ambiental<\/strong><\/p>\n\n\n\n<p>Descubre herramientas pr\u00e1cticas, actividades did\u00e1cticas y materiales innovadores dise\u00f1ados para enriquecer el proceso educativo con un enfoque ambiental. Aqu\u00ed encontrar\u00e1s propuestas que promueven el pensamiento cr\u00edtico, la acci\u00f3n responsable y el amor por la naturaleza, adaptadas a diversos contextos y niveles educativos.<\/p>\n\n\n\n<p>Nuestra misi\u00f3n es acompa\u00f1arte en la formaci\u00f3n de ciudadanos conscientes y comprometidos con el cuidado del planeta. \u00a1Juntos, sembramos conciencia y cultivamos un futuro sostenible!<\/p>\n\n\n\n<p>A continuaci\u00f3n compartimos \u25b6\ufe0f videos que orientan la formulaci\u00f3n y prop\u00f3sito de la <strong>Educaci\u00f3n Ambiental.<\/strong><\/p>\n\n\n\n<div class=\"wp-block-group is-vertical is-layout-flex wp-container-core-group-is-layout-8cf370e7 wp-block-group-is-layout-flex\">\n<p>\ud83d\udd17<a href=\"https:\/\/www.perueduca.pe\/#\/home\/streamings\/estrategias\/educacion-ambiental\/transversalidad-del-enfoque-ambiental-en-la-gestion-escolar\" target=\"_blank\" rel=\"noreferrer noopener\">Transversalidad del enfoque ambiental en la gesti\u00f3n escolar<\/a><\/p>\n\n\n\n<div class=\"wp-block-group is-vertical is-layout-flex wp-container-core-group-is-layout-8cf370e7 wp-block-group-is-layout-flex\">\n<p>Orientaciones 2024 para la conformaci\u00f3n y reporte de la Orientaciones 2024 para la conformaci\u00f3n y reporte de la Brigada de educaci\u00f3n ambiental y gesti\u00f3n del riesgo de desastres de la escuela.<\/p>\n<\/div>\n\n\n\n<div class=\"wp-block-group is-vertical is-layout-flex wp-container-core-group-is-layout-8cf370e7 wp-block-group-is-layout-flex\">\n<p>\ud83d\udd17<a href=\"https:\/\/www.facebook.com\/perueduca\/videos\/523033330431297\" target=\"_blank\" rel=\"noreferrer noopener\">Asegurando condiciones de salud para el a\u00f1o escolar 2025<\/a><\/p>\n<\/div>\n<\/div>\n\n\n\n<div style=\"background: linear-gradient(90deg, #e0f2f1, #a5d6a7); padding: 16px 24px; border-left: 6px solid #388e3c; font-family: 'Segoe UI', sans-serif; font-size: 22px; font-weight: bold; color: #1b5e20; text-transform: uppercase; box-shadow: 0 2px 6px rgba(0, 0, 0, 0.1); margin-bottom: 20px;\">\n  RECURSOS\n<\/div>\n\n\n\n<div style=\"background: linear-gradient(90deg, #e8f5e9, #c8e6c9); padding: 20px 30px; border-radius: 8px; font-family: 'Segoe UI', sans-serif; color: #2e7d32; box-shadow: 0 2px 6px rgba(0,0,0,0.1);\">\n  <ul style=\"list-style: none; padding-left: 0; margin: 0;\">\n    <li style=\"margin-bottom: 14px; display: flex; align-items: center;\">\n      <span style=\"font-size: 20px; margin-right: 10px;\">\ud83c\udf3f<\/span>\n      <a href=\"https:\/\/aulaambiental.minam.gob.pe\/?fbclid=IwY2xjawJdr9lleHRuA2FlbQIxMAABHoHiEYrul5U6SAESEatwPTQ54GlA-NnH0kgmIEbfWPh8u5IkWaEaJ0IyKV58_aem_eF3V80Uyx59tzjnpYCpPQQ\" target=\"_blank\" style=\"color: #1b5e20; text-decoration: none; font-weight: 500;\">\n        Aula Ambiental\n      <\/a>\n    <\/li>\n<li style=\"margin-bottom: 14px; display: flex; align-items: center;\">\n      <span style=\"font-size: 20px; margin-right: 10px;\">\ud83c\udf3f<\/span>\n      <a href=\"https:\/\/aulaambiental.minam.gob.pe\/tres-amigos-y-un-terremotito\/\" target=\"_blank\" style=\"color: #1b5e20; text-decoration: none; font-weight: 500;\">\n        VIDEO JUEGO: Tres amigos y terremotito\n      <\/a>\n    <\/li>\n  <\/ul>\n<\/div>\n\n\n\n<p><\/p>\n","protected":false},"excerpt":{"rendered":"<p>Bienvenidos a tu espacio de recursos para la Educaci\u00f3n Ambiental Descubre herramientas pr\u00e1cticas, actividades did\u00e1cticas y &hellip; <a title=\"EDUCACION AMBIENTAL\" class=\"hm-read-more\" href=\"https:\/\/tecnopip.com\/index.php\/educacion_ambiental\/\"><span class=\"screen-reader-text\">EDUCACION AMBIENTAL<\/span>Leer m\u00e1s<\/a><\/p>\n","protected":false},"author":1,"featured_media":374,"parent":0,"menu_order":0,"comment_status":"closed","ping_status":"closed","template":"","meta":{"footnotes":""},"class_list":["post-20","page","type-page","status-publish","has-post-thumbnail","hentry"],"_links":{"self":[{"href":"https:\/\/tecnopip.com\/index.php\/wp-json\/wp\/v2\/pages\/20","targetHints":{"allow":["GET"]}}],"collection":[{"href":"https:\/\/tecnopip.com\/index.php\/wp-json\/wp\/v2\/pages"}],"about":[{"href":"https:\/\/tecnopip.com\/index.php\/wp-json\/wp\/v2\/types\/page"}],"author":[{"embeddable":true,"href":"https:\/\/tecnopip.com\/index.php\/wp-json\/wp\/v2\/users\/1"}],"replies":[{"embeddable":true,"href":"https:\/\/tecnopip.com\/index.php\/wp-json\/wp\/v2\/comments?post=20"}],"version-history":[{"count":8,"href":"https:\/\/tecnopip.com\/index.php\/wp-json\/wp\/v2\/pages\/20\/revisions"}],"predecessor-version":[{"id":421,"href":"https:\/\/tecnopip.com\/index.php\/wp-json\/wp\/v2\/pages\/20\/revisions\/421"}],"wp:featuredmedia":[{"embeddable":true,"href":"https:\/\/tecnopip.com\/index.php\/wp-json\/wp\/v2\/media\/374"}],"wp:attachment":[{"href":"https:\/\/tecnopip.com\/index.php\/wp-json\/wp\/v2\/media?parent=20"}],"curies":[{"name":"wp","href":"https:\/\/api.w.org\/{rel}","templated":true}]}}